{"id":109,"date":"2024-09-18T02:01:44","date_gmt":"2024-09-18T00:01:44","guid":{"rendered":"https:\/\/ufolepgym.com\/?page_id=109"},"modified":"2025-10-22T00:35:19","modified_gmt":"2025-10-21T22:35:19","slug":"docs_compet","status":"publish","type":"page","link":"https:\/\/ufolepgym.com\/index.php\/docs_compet\/","title":{"rendered":"Trampo &#8211; informations"},"content":{"rendered":"\n<div class=\"wp-block-columns is-layout-flex wp-container-core-columns-is-layout-9d6595d7 wp-block-columns-is-layout-flex\">\n<div class=\"wp-block-column is-layout-flow wp-block-column-is-layout-flow\">\n<h2 class=\"wp-block-heading\">Amendes<\/h2>\n\n\n\n<div class=\"wp-block-buttons is-content-justification-center is-layout-flex wp-container-core-buttons-is-layout-16018d1d wp-block-buttons-is-layout-flex\">\n<div class=\"wp-block-button\"><a class=\"wp-block-button__link has-vivid-purple-background-color has-background wp-element-button\" href=\"https:\/\/ufolep-my.sharepoint.com\/:w:\/g\/personal\/sdesmots_ufolep_org\/EXMOMFRVZxpAhpEAPo2JRFkBFarKy0kvDDrO2VpljH4c9Q?e=bjelpd\" target=\"_blank\" rel=\"noreferrer noopener\">Re\u00e7u type<\/a><\/div>\n<\/div>\n\n\n\n<hr class=\"wp-block-separator has-alpha-channel-opacity\"\/>\n\n\n\n<h2 class=\"wp-block-heading\">\u00c9quipes d\u00e9partementales \/ r\u00e9gionales<\/h2>\n\n\n\n<div class=\"wp-block-buttons is-content-justification-center is-layout-flex wp-container-core-buttons-is-layout-16018d1d wp-block-buttons-is-layout-flex\">\n<div class=\"wp-block-button\"><a class=\"wp-block-button__link has-vivid-green-cyan-background-color has-background has-text-align-center wp-element-button\" href=\"https:\/\/ufolep-my.sharepoint.com\/:w:\/g\/personal\/sdesmots_ufolep_org\/EadSVo2d0QZDj2ZgcITcEJcBcX_-3VAXWdThAIdDflPwIg?e=1oqPjF\" target=\"_blank\" rel=\"noreferrer noopener\">R\u00e8glement<\/a><\/div>\n<\/div>\n\n\n\n<hr class=\"wp-block-separator has-alpha-channel-opacity\"\/>\n\n\n\n<h2 class=\"wp-block-heading has-text-align-center\">Observations<\/h2>\n\n\n\n<div class=\"wp-block-buttons is-content-justification-center is-layout-flex wp-container-core-buttons-is-layout-16018d1d wp-block-buttons-is-layout-flex\">\n<div class=\"wp-block-button\"><a class=\"wp-block-button__link has-vivid-cyan-blue-background-color has-background wp-element-button\" href=\"https:\/\/forms.office.com\/e\/18Fcn4wE7n\" target=\"_blank\" rel=\"noreferrer noopener\">Formulaire en ligne<\/a><\/div>\n<\/div>\n\n\n\n<hr class=\"wp-block-separator has-alpha-channel-opacity\"\/>\n\n\n\n<h2 class=\"wp-block-heading\">Contr\u00f4le d&rsquo;honorabilit\u00e9<\/h2>\n\n\n\n<figure class=\"wp-block-image size-large\"><img loading=\"lazy\" decoding=\"async\" width=\"1024\" height=\"746\" src=\"https:\/\/ufolepgym.com\/wp-content\/uploads\/2025\/04\/Capture_-2025-04-21-a-17.42.19-1024x746.jpg\" alt=\"\" class=\"wp-image-823\" srcset=\"https:\/\/ufolepgym.com\/wp-content\/uploads\/2025\/04\/Capture_-2025-04-21-a-17.42.19-1024x746.jpg 1024w, https:\/\/ufolepgym.com\/wp-content\/uploads\/2025\/04\/Capture_-2025-04-21-a-17.42.19-300x219.jpg 300w, https:\/\/ufolepgym.com\/wp-content\/uploads\/2025\/04\/Capture_-2025-04-21-a-17.42.19-768x559.jpg 768w, https:\/\/ufolepgym.com\/wp-content\/uploads\/2025\/04\/Capture_-2025-04-21-a-17.42.19.jpg 1090w\" sizes=\"auto, (max-width: 1024px) 100vw, 1024px\" \/><\/figure>\n\n\n\n<hr class=\"wp-block-separator has-text-color has-vivid-cyan-blue-color has-alpha-channel-opacity has-vivid-cyan-blue-background-color has-background is-style-wide\"\/>\n\n\n\n<h2 class=\"wp-block-heading\">Gestion d&rsquo;une buvette<\/h2>\n\n\n\n<p>Il existe une application Android permettant tr\u00e8s facilement de tenir les chiffres d&rsquo;une buvette.<\/p>\n\n\n\n<p>Vous pouvez cr\u00e9er une grille de produits et de tarifs qui facilitera le travail de la caisse buvette (s\u00e9lection d&rsquo;articles = sommes automatique, et rendu monnaie facilit\u00e9).<\/p>\n\n\n\n<p>De plus, les informations de la caisse permettent d&rsquo;avoir un suivi des stocks et un relev\u00e9 en fin de journ\u00e9e des quantit\u00e9s vendues.<\/p>\n\n\n\n<div class=\"wp-block-buttons is-content-justification-center is-layout-flex wp-container-core-buttons-is-layout-16018d1d wp-block-buttons-is-layout-flex\">\n<div class=\"wp-block-button\"><a class=\"wp-block-button__link has-pale-pink-background-color has-background wp-element-button\" href=\"https:\/\/www.m-system.fr\/\" target=\"_blank\" rel=\"noreferrer noopener\">M-System<\/a><\/div>\n<\/div>\n<\/div>\n\n\n\n<div class=\"wp-block-column is-layout-flow wp-block-column-is-layout-flow\">\n<h2 class=\"wp-block-heading has-text-align-center\">Organiser une comp\u00e9tition<\/h2>\n\n\n\n<div class=\"wp-block-buttons is-vertical is-content-justification-center is-layout-flex wp-container-core-buttons-is-layout-4b2eccd6 wp-block-buttons-is-layout-flex\">\n<div class=\"wp-block-button is-style-outline is-style-outline--1\"><a class=\"wp-block-button__link has-white-color has-vivid-red-background-color has-text-color has-background has-link-color wp-element-button\" href=\"https:\/\/ufolep-my.sharepoint.com\/:w:\/g\/personal\/sdesmots_ufolep_org\/EdOd4xo-roJPsVSViqsVb7YBp9Uckl61UGkpMvia18AC6w?e=DlvquA\" target=\"_blank\" rel=\"noreferrer noopener\">Aide \u00e0 l&rsquo;organisation<\/a><\/div>\n\n\n\n<div class=\"wp-block-button is-style-outline is-style-outline--2\"><a class=\"wp-block-button__link has-vivid-red-color has-white-background-color has-text-color has-background has-link-color wp-element-button\" href=\"https:\/\/ufolep-my.sharepoint.com\/:w:\/g\/personal\/sdesmots_ufolep_org\/Ed08Q4up4mZMswt-jib4Cr0B1pA6iHP5Ptwa1Hqw3CyB-w?e=bzl7kJ\" target=\"_blank\" rel=\"noreferrer noopener\">Contr\u00f4le des licences<\/a><\/div>\n\n\n\n<div class=\"wp-block-button is-style-outline is-style-outline--3\"><a class=\"wp-block-button__link has-vivid-red-color has-white-background-color has-text-color has-background has-link-color wp-element-button\" href=\"https:\/\/ufolep-my.sharepoint.com\/:f:\/g\/personal\/sdesmots_ufolep_org\/Ei7VdJNUw8VKoRCHVDlP7OIBPpz56fTLfDqMQMk6KqyJag?e=gdaMqO\" target=\"_blank\" rel=\"noreferrer noopener\">Cr\u00e9er son affiche<\/a><\/div>\n<\/div>\n\n\n\n<hr class=\"wp-block-separator has-text-color has-vivid-cyan-blue-color has-alpha-channel-opacity has-vivid-cyan-blue-background-color has-background is-style-wide\"\/>\n\n\n\n<h2 class=\"wp-block-heading has-text-align-center\">Comp\u00e9titions nationales<\/h2>\n\n\n\n<div class=\"wp-block-buttons is-content-justification-center is-layout-flex wp-container-core-buttons-is-layout-16018d1d wp-block-buttons-is-layout-flex\">\n<div class=\"wp-block-button\"><a class=\"wp-block-button__link has-luminous-vivid-orange-background-color has-background wp-element-button\" href=\"https:\/\/ufolep-my.sharepoint.com\/:w:\/g\/personal\/sdesmots_ufolep_org\/EcIvxOkDMjpBpqfmhLElxj4BvJvKl1SM6r1JhuBOmkwYtQ?e=jDBD6j\" target=\"_blank\" rel=\"noreferrer noopener\">Dossier de candidature<\/a><\/div>\n\n\n\n<div class=\"wp-block-button\"><a class=\"wp-block-button__link has-luminous-vivid-amber-background-color has-background wp-element-button\" href=\"https:\/\/ufolep-my.sharepoint.com\/:w:\/g\/personal\/sdesmots_ufolep_org\/EbbfZEGmHdNMn6ACl0-aW2MBY8Viwy9jIF7hprBNSJOqxw?e=WwEOki\" target=\"_blank\" rel=\"noreferrer noopener\">Circulaire type<\/a><\/div>\n<\/div>\n\n\n\n<hr class=\"wp-block-separator has-alpha-channel-opacity\"\/>\n\n\n\n<h2 class=\"wp-block-heading has-text-align-center\">Brochures techniques<\/h2>\n\n\n\n<div class=\"wp-block-buttons is-vertical is-content-justification-center is-layout-flex wp-container-core-buttons-is-layout-4b2eccd6 wp-block-buttons-is-layout-flex\">\n<div class=\"wp-block-button is-style-outline is-style-outline--4\"><a class=\"wp-block-button__link has-luminous-vivid-amber-background-color has-background wp-element-button\" href=\"https:\/\/ufolep-my.sharepoint.com\/:w:\/g\/personal\/sdesmots_ufolep_org\/EafMw-qtYmhApRnk5b8tGScBgTKEll8pDHN1TJoK56w5Ng?e=65kKKi\" target=\"_blank\" rel=\"noreferrer noopener\">Demi-finales<\/a><\/div>\n\n\n\n<div class=\"wp-block-button is-style-outline is-style-outline--5\"><a class=\"wp-block-button__link has-luminous-vivid-amber-background-color has-background wp-element-button\" href=\"https:\/\/ufolep-my.sharepoint.com\/:w:\/g\/personal\/sdesmots_ufolep_org\/ERYYPwi71Y1Eppj8Gi3PEYgBSCQmrHRElZWI5c8-pRtuoQ?e=h7b9ce\" target=\"_blank\" rel=\"noreferrer noopener\">Finales jeunes<\/a><\/div>\n\n\n\n<div class=\"wp-block-button is-style-outline is-style-outline--6\"><a class=\"wp-block-button__link has-luminous-vivid-amber-background-color has-background wp-element-button\" href=\"https:\/\/ufolep-my.sharepoint.com\/:w:\/g\/personal\/sdesmots_ufolep_org\/ETiHoPqMui5CqGVBecp3MEkB3tZEKuXeBBmss_n2CQPssg?e=Xs2XZv\" target=\"_blank\" rel=\"noreferrer noopener\">Finales nationales<\/a><\/div>\n<\/div>\n<\/div>\n<\/div>\n\n\n\n<p><\/p>\n","protected":false},"excerpt":{"rendered":"<p>Amendes \u00c9quipes d\u00e9partementales \/ r\u00e9gionales Observations Contr\u00f4le d&rsquo;honorabilit\u00e9 Gestion d&rsquo;une buvette Il existe une application Android permettant tr\u00e8s facilement de tenir les chiffres d&rsquo;une buvette. Vous pouvez cr\u00e9er une grille de produits et de tarifs qui facilitera le travail de la caisse buvette (s\u00e9lection d&rsquo;articles = sommes automatique, et rendu monnaie facilit\u00e9). De plus, les &hellip; <a href=\"https:\/\/ufolepgym.com\/index.php\/docs_compet\/\" class=\"more-link\">Continue reading <span class=\"screen-reader-text\">Trampo &#8211; informations<\/span><\/a><\/p>\n","protected":false},"author":1,"featured_media":0,"parent":0,"menu_order":0,"comment_status":"closed","ping_status":"closed","template":"","meta":{"footnotes":""},"class_list":["post-109","page","type-page","status-publish","hentry"],"_links":{"self":[{"href":"https:\/\/ufolepgym.com\/index.php\/wp-json\/wp\/v2\/pages\/109","targetHints":{"allow":["GET"]}}],"collection":[{"href":"https:\/\/ufolepgym.com\/index.php\/wp-json\/wp\/v2\/pages"}],"about":[{"href":"https:\/\/ufolepgym.com\/index.php\/wp-json\/wp\/v2\/types\/page"}],"author":[{"embeddable":true,"href":"https:\/\/ufolepgym.com\/index.php\/wp-json\/wp\/v2\/users\/1"}],"replies":[{"embeddable":true,"href":"https:\/\/ufolepgym.com\/index.php\/wp-json\/wp\/v2\/comments?post=109"}],"version-history":[{"count":27,"href":"https:\/\/ufolepgym.com\/index.php\/wp-json\/wp\/v2\/pages\/109\/revisions"}],"predecessor-version":[{"id":1200,"href":"https:\/\/ufolepgym.com\/index.php\/wp-json\/wp\/v2\/pages\/109\/revisions\/1200"}],"wp:attachment":[{"href":"https:\/\/ufolepgym.com\/index.php\/wp-json\/wp\/v2\/media?parent=109"}],"curies":[{"name":"wp","href":"https:\/\/api.w.org\/{rel}","templated":true}]}}