{"id":60,"date":"2024-09-17T22:44:28","date_gmt":"2024-09-17T22:44:28","guid":{"rendered":"https:\/\/ufolepgym.com\/?page_id=60"},"modified":"2024-09-18T23:22:59","modified_gmt":"2024-09-18T21:22:59","slug":"ufolep_contact","status":"publish","type":"page","link":"https:\/\/ufolepgym.com\/index.php\/ufolep_contact\/","title":{"rendered":"UFOLEP_Contact"},"content":{"rendered":"\n<p>Bulletin technique officiel de l&rsquo;Ufolep Nationale, le Cont@ct parait tous les 15 jours.<br>Les \u00e9l\u00e9ments importants y paraissent, les annonces d&rsquo;\u00e9v\u00e8nements, les formations, les comp\u00e9titions, etc.<\/p>\n\n\n\n<p>Retrouvez par saison toutes les parutions li\u00e9es \u00e0 la gymnastique et au trampoline :<\/p>\n\n\n\n<div class=\"wp-block-buttons is-layout-flex wp-block-buttons-is-layout-flex\">\n<div class=\"wp-block-button\"><a class=\"wp-block-button__link has-vivid-purple-background-color has-background wp-element-button\" href=\"https:\/\/ufolep-my.sharepoint.com\/:f:\/g\/personal\/sdesmots_ufolep_org\/ErplKENr9I9At6VjN9be9l8BlrsjBEcAFFRIPIzuHNHLcQ?e=QLoE41\" target=\"_blank\" rel=\"noreferrer noopener\">2024-2025<\/a><\/div>\n\n\n\n<div class=\"wp-block-button\"><a class=\"wp-block-button__link has-luminous-vivid-orange-background-color has-background wp-element-button\" href=\"https:\/\/ufolep-my.sharepoint.com\/:f:\/g\/personal\/sdesmots_ufolep_org\/EuWnE1NEmKtFlFPlwL8NYyYBH_byeDPcSnJWgLMNBFjmpQ?e=abG6L3\" target=\"_blank\" rel=\"noreferrer noopener\">2023-2024<\/a><\/div>\n\n\n\n<div class=\"wp-block-button\"><a class=\"wp-block-button__link has-vivid-cyan-blue-background-color has-background wp-element-button\" href=\"https:\/\/ufolep-my.sharepoint.com\/:f:\/g\/personal\/sdesmots_ufolep_org\/Eh8GmvG_mI9Ksa7baYiWwWQBhlNB30SWAxtvdxRDAGqbEA?e=1Mi9tL\" target=\"_blank\" rel=\"noreferrer noopener\">2022-2023<\/a><\/div>\n\n\n\n<div class=\"wp-block-button\"><a class=\"wp-block-button__link has-vivid-green-cyan-background-color has-background wp-element-button\">2021-2022<\/a><\/div>\n<\/div>\n\n\n\n<p><\/p>\n","protected":false},"excerpt":{"rendered":"<p>Bulletin technique officiel de l&rsquo;Ufolep Nationale, le Cont@ct parait tous les 15 jours.Les \u00e9l\u00e9ments importants y paraissent, les annonces d&rsquo;\u00e9v\u00e8nements, les formations, les comp\u00e9titions, etc. Retrouvez par saison toutes les parutions li\u00e9es \u00e0 la gymnastique et au trampoline :<\/p>\n","protected":false},"author":1,"featured_media":0,"parent":0,"menu_order":0,"comment_status":"closed","ping_status":"closed","template":"","meta":{"footnotes":""},"class_list":["post-60","page","type-page","status-publish","hentry"],"_links":{"self":[{"href":"https:\/\/ufolepgym.com\/index.php\/wp-json\/wp\/v2\/pages\/60","targetHints":{"allow":["GET"]}}],"collection":[{"href":"https:\/\/ufolepgym.com\/index.php\/wp-json\/wp\/v2\/pages"}],"about":[{"href":"https:\/\/ufolepgym.com\/index.php\/wp-json\/wp\/v2\/types\/page"}],"author":[{"embeddable":true,"href":"https:\/\/ufolepgym.com\/index.php\/wp-json\/wp\/v2\/users\/1"}],"replies":[{"embeddable":true,"href":"https:\/\/ufolepgym.com\/index.php\/wp-json\/wp\/v2\/comments?post=60"}],"version-history":[{"count":2,"href":"https:\/\/ufolepgym.com\/index.php\/wp-json\/wp\/v2\/pages\/60\/revisions"}],"predecessor-version":[{"id":128,"href":"https:\/\/ufolepgym.com\/index.php\/wp-json\/wp\/v2\/pages\/60\/revisions\/128"}],"wp:attachment":[{"href":"https:\/\/ufolepgym.com\/index.php\/wp-json\/wp\/v2\/media?parent=60"}],"curies":[{"name":"wp","href":"https:\/\/api.w.org\/{rel}","templated":true}]}}