{"id":85,"date":"2024-09-18T01:46:09","date_gmt":"2024-09-17T23:46:09","guid":{"rendered":"https:\/\/ufolepgym.com\/?page_id=85"},"modified":"2025-09-26T00:43:09","modified_gmt":"2025-09-25T22:43:09","slug":"documents","status":"publish","type":"page","link":"https:\/\/ufolepgym.com\/index.php\/documents\/","title":{"rendered":"Comp\u00e9titions"},"content":{"rendered":"\n<div class=\"wp-block-columns is-layout-flex wp-container-core-columns-is-layout-9d6595d7 wp-block-columns-is-layout-flex\">\n<div class=\"wp-block-column has-pale-cyan-blue-background-color has-background is-layout-flow wp-block-column-is-layout-flow\">\n<h2 class=\"wp-block-heading\">Structure du site &#8211; MENU<\/h2>\n\n\n\n<ul class=\"wp-block-list\">\n<li>ACCUEIL\n<ul class=\"wp-block-list\">\n<li>R\u00e9sultats GYM<\/li>\n\n\n\n<li>Articles &#8211; archives<\/li>\n<\/ul>\n<\/li>\n\n\n\n<li>Informations\n<ul class=\"wp-block-list\">\n<li>Comp\u00e9titions<\/li>\n\n\n\n<li>Groupe 1<\/li>\n\n\n\n<li>Groupe 2<\/li>\n\n\n\n<li>Groupe 3<\/li>\n\n\n\n<li>Groupe 4<\/li>\n\n\n\n<li>GAM<\/li>\n<\/ul>\n<\/li>\n\n\n\n<li>CNS\n<ul class=\"wp-block-list\">\n<li>Bulletins \u00ab\u00a0La CNS vous informe\u00a0\u00bb<\/li>\n\n\n\n<li>Espace r\u00e9serv\u00e9 &#8211; CNS<\/li>\n<\/ul>\n<\/li>\n\n\n\n<li>Sites d\u00e9di\u00e9s\n<ul class=\"wp-block-list\">\n<li>Site Animation<\/li>\n\n\n\n<li>Site Clubs<\/li>\n\n\n\n<li>Site Jugement<\/li>\n\n\n\n<li>Logiciels<\/li>\n<\/ul>\n<\/li>\n\n\n\n<li>UFOLEP\n<ul class=\"wp-block-list\">\n<li>Site Ufolep Nationale<\/li>\n\n\n\n<li>Cont@ct &#8211; Bulletin Ufolep<\/li>\n<\/ul>\n<\/li>\n\n\n\n<li>Trampoline\n<ul class=\"wp-block-list\">\n<li>R\u00e9sultats<\/li>\n\n\n\n<li>Comp\u00e9titions<\/li>\n<\/ul>\n<\/li>\n\n\n\n<li>Liens \/ contacts\n<ul class=\"wp-block-list\">\n<li>Nouveau logiciel<\/li>\n\n\n\n<li>Espace r\u00e9serv\u00e9 &#8211; Examens des juges<\/li>\n<\/ul>\n<\/li>\n\n\n\n<li>Espace r\u00e9serv\u00e9 &#8211; Administration<\/li>\n<\/ul>\n<\/div>\n\n\n\n<div class=\"wp-block-column has-light-green-cyan-background-color has-background is-layout-flow wp-block-column-is-layout-flow\">\n<h2 class=\"wp-block-heading\">Les 10 derniers articles<\/h2>\n\n\n<ul class=\"wp-block-latest-posts__list has-dates wp-block-latest-posts has-small-font-size\"><li><a class=\"wp-block-latest-posts__post-title\" href=\"https:\/\/ufolepgym.com\/index.php\/2026\/04\/19\/finales-nationales-2026\/\">Finales nationales 2026<\/a><time datetime=\"2026-04-19T13:26:55+02:00\" class=\"wp-block-latest-posts__post-date\">19 avril 2026<\/time><div class=\"wp-block-latest-posts__post-excerpt\">Les finales approchent !Pour la gymnastique artistique, toutes les \u00e9quipes ont rendez-vous d\u00e9but mai pour les demi-finales afin de gagner leur ticket pour les finales nationales \u00e0 Clermont les 6 et 7 juin. Pour retrouver toutes les informations concernant cette &hellip; <a href=\"https:\/\/ufolepgym.com\/index.php\/2026\/04\/19\/finales-nationales-2026\/\" class=\"more-link\">Continue reading <span class=\"screen-reader-text\">Finales nationales 2026<\/span><\/a><\/div><\/li>\n<li><a class=\"wp-block-latest-posts__post-title\" href=\"https:\/\/ufolepgym.com\/index.php\/2026\/04\/01\/jugement-la-faq-foire-aux-questions-est-ouverte\/\">Jugement &#8211; La FAQ (Foire Aux Questions) est ouverte<\/a><time datetime=\"2026-04-01T18:21:21+02:00\" class=\"wp-block-latest-posts__post-date\">1 avril 2026<\/time><div class=\"wp-block-latest-posts__post-excerpt\">Retrouvez vite la FAQ sur notre site jugement ! N\u2019h\u00e9sitez pas \u00e0 poser vos questions Ce formulaire a pour objectif de recueillir les questions relatives au jugement GAM\/GAF en UFOLEP. Merci de ne soumettre qu\u2019une seule question par formulaire. La &hellip; <a href=\"https:\/\/ufolepgym.com\/index.php\/2026\/04\/01\/jugement-la-faq-foire-aux-questions-est-ouverte\/\" class=\"more-link\">Continue reading <span class=\"screen-reader-text\">Jugement &#8211; La FAQ (Foire Aux Questions) est ouverte<\/span><\/a><\/div><\/li>\n<li><a class=\"wp-block-latest-posts__post-title\" href=\"https:\/\/ufolepgym.com\/index.php\/2026\/04\/01\/lettre-infos-cns-avril-2026\/\">Lettre infos CNS &#8211; avril 2026<\/a><time datetime=\"2026-04-01T18:12:10+02:00\" class=\"wp-block-latest-posts__post-date\">1 avril 2026<\/time><div class=\"wp-block-latest-posts__post-excerpt\">Partez \u00e0 la d\u00e9couverte de la derni\u00e8re lettre d\u2019info de la CNS LETTRE INFOS CNS \u2013 AVRIL 2026 Nom des blocs du nouveau programme : \u00e0 vos id\u00e9es ! Avant le 15 avril Programme Mixtes et Loisirs \u2013 Les nouveaut\u00e9s &hellip; <a href=\"https:\/\/ufolepgym.com\/index.php\/2026\/04\/01\/lettre-infos-cns-avril-2026\/\" class=\"more-link\">Continue reading <span class=\"screen-reader-text\">Lettre infos CNS &#8211; avril 2026<\/span><\/a><\/div><\/li>\n<li><a class=\"wp-block-latest-posts__post-title\" href=\"https:\/\/ufolepgym.com\/index.php\/2026\/03\/05\/lettre-info-cns-mars-2026\/\">Lettre info CNS de mars 2026<\/a><time datetime=\"2026-03-05T08:08:01+01:00\" class=\"wp-block-latest-posts__post-date\">5 mars 2026<\/time><div class=\"wp-block-latest-posts__post-excerpt\">Partez \u00e0 la d\u00e9couverte de la derni\u00e8re lettre d&rsquo;info de la CNS LETTRE INFOS CNS &#8211; MARS 2026<\/div><\/li>\n<li><a class=\"wp-block-latest-posts__post-title\" href=\"https:\/\/ufolepgym.com\/index.php\/2026\/01\/19\/pas-de-licence-pour-matcher\/\">Votre gymnaste n&rsquo;est pas sur UfoGymCompet ? Anticipez !!!<\/a><time datetime=\"2026-01-19T18:00:00+01:00\" class=\"wp-block-latest-posts__post-date\">19 janvier 2026<\/time><div class=\"wp-block-latest-posts__post-excerpt\">Comme annonc\u00e9 en d\u00e9cembre, le syst\u00e8me des licences est en train d&rsquo;\u00e9voluer (WebAffiligue vers LiguAsso).Cette \u00e9volution n&rsquo;est pas encore pleinement fonctionnelle, et les remont\u00e9es des licences (modifications ou ajouts) ne sont plus effectives depuis le 15 d\u00e9cembre pour nos applications &hellip; <a href=\"https:\/\/ufolepgym.com\/index.php\/2026\/01\/19\/pas-de-licence-pour-matcher\/\" class=\"more-link\">Continue reading <span class=\"screen-reader-text\">Votre gymnaste n&rsquo;est pas sur UfoGymCompet ? Anticipez !!!<\/span><\/a><\/div><\/li>\n<li><a class=\"wp-block-latest-posts__post-title\" href=\"https:\/\/ufolepgym.com\/index.php\/2026\/01\/19\/date-homologation-des-licences-2026\/\">NOUVELLE DATE D&rsquo;HOMOLOGATION DES LICENCES 2026<\/a><time datetime=\"2026-01-19T14:59:24+01:00\" class=\"wp-block-latest-posts__post-date\">19 janvier 2026<\/time><div class=\"wp-block-latest-posts__post-excerpt\">Modification concernant la date d&rsquo;homologation officielle, permettant \u00e0 tout.e gymnaste de matcher sur les comp\u00e9titions du programme national (brochure).<\/div><\/li>\n<li><a class=\"wp-block-latest-posts__post-title\" href=\"https:\/\/ufolepgym.com\/index.php\/2026\/01\/19\/informations-reglement-janvier-2026\/\">Informations R\u00e8glement &#8211; janvier 2026<\/a><time datetime=\"2026-01-19T11:41:53+01:00\" class=\"wp-block-latest-posts__post-date\">19 janvier 2026<\/time><div class=\"wp-block-latest-posts__post-excerpt\">Quelques explications concernant la r\u00e8gle des changements autoris\u00e9s<\/div><\/li>\n<li><a class=\"wp-block-latest-posts__post-title\" href=\"https:\/\/ufolepgym.com\/index.php\/2026\/01\/16\/rassemblement-des-3-et-4-janvier\/\">Rassemblement des 3 et 4 janvier\u00a0<\/a><time datetime=\"2026-01-16T15:00:02+01:00\" class=\"wp-block-latest-posts__post-date\">16 janvier 2026<\/time><div class=\"wp-block-latest-posts__post-excerpt\">Le p\u00f4le Nouveau Programme Technique et le p\u00f4le Nouvelles Pratiques se sont r\u00e9unis \u00e0 Paris les 3 et 4 janvier pour poursuivre leurs travaux et faire avancer leurs projets respectifs.&nbsp; Un grand merci \u00e0 la trentaine de personnes pr\u00e9sentes pour &hellip; <a href=\"https:\/\/ufolepgym.com\/index.php\/2026\/01\/16\/rassemblement-des-3-et-4-janvier\/\" class=\"more-link\">Continue reading <span class=\"screen-reader-text\">Rassemblement des 3 et 4 janvier\u00a0<\/span><\/a><\/div><\/li>\n<li><a class=\"wp-block-latest-posts__post-title\" href=\"https:\/\/ufolepgym.com\/index.php\/2026\/01\/16\/ufogymcompet-vos-referent-es-sont-in-forme-es\/\">UfoGymCompet : vos r\u00e9f\u00e9rent.es sont in.form\u00e9.es\u00a0<\/a><time datetime=\"2026-01-16T14:59:41+01:00\" class=\"wp-block-latest-posts__post-date\">16 janvier 2026<\/time><div class=\"wp-block-latest-posts__post-excerpt\">Les r\u00e9f\u00e9rent.es UfoGymCompet avaient rendez-vous pour 2 visios en d\u00e9cembre afin de faire le bilan de cette premi\u00e8re saison officielle sous la nouvelle application, et de se projeter sur la nouvelle saison.&nbsp; Ils ont \u00e9t\u00e9 inform\u00e9s des fonctionnalit\u00e9s d\u00e9j\u00e0 en &hellip; <a href=\"https:\/\/ufolepgym.com\/index.php\/2026\/01\/16\/ufogymcompet-vos-referent-es-sont-in-forme-es\/\" class=\"more-link\">Continue reading <span class=\"screen-reader-text\">UfoGymCompet : vos r\u00e9f\u00e9rent.es sont in.form\u00e9.es\u00a0<\/span><\/a><\/div><\/li>\n<li><a class=\"wp-block-latest-posts__post-title\" href=\"https:\/\/ufolepgym.com\/index.php\/2026\/01\/16\/resultats-des-examens-bfo\/\">R\u00e9sultats des examens BFO\u00a0<\/a><time datetime=\"2026-01-16T14:58:37+01:00\" class=\"wp-block-latest-posts__post-date\">16 janvier 2026<\/time><div class=\"wp-block-latest-posts__post-excerpt\">Vous pouvez retrouver l\u2019ensemble des r\u00e9sultats des diff\u00e9rents examens de juges BFO GAM\/GAF sur la page d\u00e9di\u00e9e via notre site jugement, accessible ici.\u00a0<\/div><\/li>\n<\/ul><\/div>\n<\/div>\n","protected":false},"excerpt":{"rendered":"<p>Structure du site &#8211; MENU Les 10 derniers articles<\/p>\n","protected":false},"author":1,"featured_media":0,"parent":0,"menu_order":0,"comment_status":"closed","ping_status":"closed","template":"","meta":{"footnotes":""},"class_list":["post-85","page","type-page","status-publish","hentry"],"_links":{"self":[{"href":"https:\/\/ufolepgym.com\/index.php\/wp-json\/wp\/v2\/pages\/85","targetHints":{"allow":["GET"]}}],"collection":[{"href":"https:\/\/ufolepgym.com\/index.php\/wp-json\/wp\/v2\/pages"}],"about":[{"href":"https:\/\/ufolepgym.com\/index.php\/wp-json\/wp\/v2\/types\/page"}],"author":[{"embeddable":true,"href":"https:\/\/ufolepgym.com\/index.php\/wp-json\/wp\/v2\/users\/1"}],"replies":[{"embeddable":true,"href":"https:\/\/ufolepgym.com\/index.php\/wp-json\/wp\/v2\/comments?post=85"}],"version-history":[{"count":7,"href":"https:\/\/ufolepgym.com\/index.php\/wp-json\/wp\/v2\/pages\/85\/revisions"}],"predecessor-version":[{"id":986,"href":"https:\/\/ufolepgym.com\/index.php\/wp-json\/wp\/v2\/pages\/85\/revisions\/986"}],"wp:attachment":[{"href":"https:\/\/ufolepgym.com\/index.php\/wp-json\/wp\/v2\/media?parent=85"}],"curies":[{"name":"wp","href":"https:\/\/api.w.org\/{rel}","templated":true}]}}