{"id":86,"date":"2024-09-18T01:46:09","date_gmt":"2024-09-17T23:46:09","guid":{"rendered":"https:\/\/ufolepgym.com\/?page_id=86"},"modified":"2024-09-22T19:52:18","modified_gmt":"2024-09-22T17:52:18","slug":"docs_gam","status":"publish","type":"page","link":"https:\/\/ufolepgym.com\/index.php\/docs_gam\/","title":{"rendered":"Gymnastique Artistique Masculine"},"content":{"rendered":"\n<h2 class=\"wp-block-heading\">NIVEAU 7<\/h2>\n\n\n\n<p>En plus de la brochure, un document a \u00e9t\u00e9 r\u00e9alis\u00e9 pour vous guider dans la compr\u00e9hension de ce niveau : son d\u00e9veloppement, son jugement, son approche, et pour les entraineurs une aide \u00e0 la r\u00e9alisation des \u00e9l\u00e9ments avec des visuels 3D (droits CSR Hauts de France)<\/p>\n\n\n\n<div class=\"wp-block-buttons is-content-justification-center is-layout-flex wp-container-core-buttons-is-layout-16018d1d wp-block-buttons-is-layout-flex\">\n<div class=\"wp-block-button\"><a class=\"wp-block-button__link has-vivid-green-cyan-background-color has-background has-text-align-center wp-element-button\" href=\"https:\/\/ufolep-my.sharepoint.com\/:w:\/g\/personal\/sdesmots_ufolep_org\/EQQtvdY71oZIv2BQ5w1Quc8BKwpJ1VN6-r3yDaCOR9VYjw?e=2tFK7L\" target=\"_blank\" rel=\"noreferrer noopener\">NIVEAU 7<\/a><\/div>\n<\/div>\n\n\n\n<hr class=\"wp-block-separator has-text-color has-vivid-red-color has-alpha-channel-opacity has-vivid-red-background-color has-background\"\/>\n\n\n\n<h2 class=\"wp-block-heading\">Finales agr\u00e8s GAM<\/h2>\n\n\n\n<p>\u00ab\u00a0Comp\u00e9tition\u00a0\u00bb sp\u00e9cifique \u00e0 la GAM, vous pouvez retrouver le r\u00e8glement sp\u00e9cifiques des finales agr\u00e8s.<\/p>\n\n\n\n<div class=\"wp-block-buttons is-content-justification-center is-layout-flex wp-container-core-buttons-is-layout-16018d1d wp-block-buttons-is-layout-flex\">\n<div class=\"wp-block-button\"><a class=\"wp-block-button__link has-vivid-cyan-blue-background-color has-background has-text-align-center wp-element-button\" href=\"https:\/\/ufolep-my.sharepoint.com\/:w:\/g\/personal\/sdesmots_ufolep_org\/Ebz--TNnZotJnzHuzY-zp5EByAaim3OefeKUdzzSB16J-Q?e=MItnxV\" target=\"_blank\" rel=\"noreferrer noopener\">R\u00e8glement finales agr\u00e8s GAM<\/a><\/div>\n<\/div>\n\n\n\n<hr class=\"wp-block-separator has-text-color has-vivid-red-color has-alpha-channel-opacity has-vivid-red-background-color has-background\"\/>\n\n\n\n<p><\/p>\n","protected":false},"excerpt":{"rendered":"<p>NIVEAU 7 En plus de la brochure, un document a \u00e9t\u00e9 r\u00e9alis\u00e9 pour vous guider dans la compr\u00e9hension de ce niveau : son d\u00e9veloppement, son jugement, son approche, et pour les entraineurs une aide \u00e0 la r\u00e9alisation des \u00e9l\u00e9ments avec des visuels 3D (droits CSR Hauts de France) Finales agr\u00e8s GAM \u00ab\u00a0Comp\u00e9tition\u00a0\u00bb sp\u00e9cifique \u00e0 la &hellip; <a href=\"https:\/\/ufolepgym.com\/index.php\/docs_gam\/\" class=\"more-link\">Continue reading <span class=\"screen-reader-text\">Gymnastique Artistique Masculine<\/span><\/a><\/p>\n","protected":false},"author":1,"featured_media":0,"parent":0,"menu_order":0,"comment_status":"closed","ping_status":"closed","template":"","meta":{"footnotes":""},"class_list":["post-86","page","type-page","status-publish","hentry"],"_links":{"self":[{"href":"https:\/\/ufolepgym.com\/index.php\/wp-json\/wp\/v2\/pages\/86","targetHints":{"allow":["GET"]}}],"collection":[{"href":"https:\/\/ufolepgym.com\/index.php\/wp-json\/wp\/v2\/pages"}],"about":[{"href":"https:\/\/ufolepgym.com\/index.php\/wp-json\/wp\/v2\/types\/page"}],"author":[{"embeddable":true,"href":"https:\/\/ufolepgym.com\/index.php\/wp-json\/wp\/v2\/users\/1"}],"replies":[{"embeddable":true,"href":"https:\/\/ufolepgym.com\/index.php\/wp-json\/wp\/v2\/comments?post=86"}],"version-history":[{"count":3,"href":"https:\/\/ufolepgym.com\/index.php\/wp-json\/wp\/v2\/pages\/86\/revisions"}],"predecessor-version":[{"id":200,"href":"https:\/\/ufolepgym.com\/index.php\/wp-json\/wp\/v2\/pages\/86\/revisions\/200"}],"wp:attachment":[{"href":"https:\/\/ufolepgym.com\/index.php\/wp-json\/wp\/v2\/media?parent=86"}],"curies":[{"name":"wp","href":"https:\/\/api.w.org\/{rel}","templated":true}]}}