{"id":88,"date":"2024-09-18T01:46:09","date_gmt":"2024-09-17T23:46:09","guid":{"rendered":"https:\/\/ufolepgym.com\/?page_id=88"},"modified":"2026-03-31T13:08:47","modified_gmt":"2026-03-31T11:08:47","slug":"docs_g2","status":"publish","type":"page","link":"https:\/\/ufolepgym.com\/index.php\/docs_g2\/","title":{"rendered":"Groupe 2"},"content":{"rendered":"\n<hr class=\"wp-block-separator has-text-color has-luminous-vivid-amber-color has-alpha-channel-opacity has-luminous-vivid-amber-background-color has-background\"\/>\n\n\n\n<div class=\"wp-block-columns is-layout-flex wp-container-core-columns-is-layout-9d6595d7 wp-block-columns-is-layout-flex\">\n<div class=\"wp-block-column is-layout-flow wp-block-column-is-layout-flow\" style=\"flex-basis:70%\">\n<p><strong>Responsables du Groupe 2 :<\/strong><br>Yvan CHAUDAGNE (ychaudagne@ufolep.org)<br>Anne-Sophie DOZON (asdozon@ufolep.org)<br><strong>Membre CNS :<\/strong><br>Aur\u00e9lie PAILLER (apailler@ufolep.org)<br><strong>Personne Ressource CNS :<\/strong><br>Ma\u00e9va BOUSSAIS (mboussais@ufolep.org)<br><strong>Responsable des juges GAF :<\/strong><br>Ghyslaine AMAR (ghys.amar@gmail.com)<br><strong>Responsable des juges GAM :<\/strong><br>Nicolas BARBAROUX (barbarouxn@gmail.com)<\/p>\n<\/div>\n\n\n\n<div class=\"wp-block-column is-layout-flow wp-block-column-is-layout-flow\" style=\"flex-basis:30%\">\n<p class=\"has-text-align-right\"><img decoding=\"async\" style=\"\" src=\"https:\/\/ufolepgym.com\/wp-content\/uploads\/2024\/09\/Groupe2_200x200.png\" alt=\"\"><\/p>\n<\/div>\n<\/div>\n\n\n\n<hr class=\"wp-block-separator has-text-color has-luminous-vivid-amber-color has-alpha-channel-opacity has-luminous-vivid-amber-background-color has-background\"\/>\n\n\n\n<h2 class=\"wp-block-heading\">Compte-rendu de r\u00e9unions <\/h2>\n\n\n\n<div class=\"wp-block-buttons is-content-justification-center is-layout-flex wp-container-core-buttons-is-layout-16018d1d wp-block-buttons-is-layout-flex\">\n<div class=\"wp-block-button is-style-outline is-style-outline--1\"><a class=\"wp-block-button__link has-black-color has-text-color has-background has-link-color wp-element-button\" href=\"https:\/\/ufolep-my.sharepoint.com\/:b:\/g\/personal\/sdesmots_ufolep_org\/Ef5RioxTCwlIj9T4LGRzFZ0BgNXTe6I6pGzW8SmvUEgsOQ?e=nZchur\" style=\"background-color:#9b51e070\"><strong><mark style=\"background-color:rgba(0, 0, 0, 0)\" class=\"has-inline-color has-black-color\">Compte Rendu Visio G2 &#8211; Septembre 2024<\/mark><\/strong><\/a><\/div>\n<\/div>\n\n\n\n<hr class=\"wp-block-separator has-text-color has-luminous-vivid-amber-color has-alpha-channel-opacity has-luminous-vivid-amber-background-color has-background\"\/>\n\n\n\n<p>Cette saison, le groupe 2 accueillera :<\/p>\n\n\n\n<div class=\"wp-block-buttons is-content-justification-center is-layout-flex wp-container-core-buttons-is-layout-16018d1d wp-block-buttons-is-layout-flex\">\n<div class=\"wp-block-button\"><a class=\"wp-block-button__link has-vivid-red-background-color has-background wp-element-button\" href=\"https:\/\/ufolep-my.sharepoint.com\/:b:\/g\/personal\/sdesmots_ufolep_org\/IQBApkv2liWGSo3K2NEGjxLSAXZhION07caSj2raAvT-5SI?e=Gy5puL\">REPARTITIONS CATEGORIES \/ NIVEAUX &#8211; COMPETITION GROUPE 2<\/a><\/div>\n<\/div>\n\n\n\n<div style=\"height:26px\" aria-hidden=\"true\" class=\"wp-block-spacer\"><\/div>\n\n\n\n<div class=\"wp-block-columns is-layout-flex wp-container-core-columns-is-layout-9d6595d7 wp-block-columns-is-layout-flex\">\n<div class=\"wp-block-column is-layout-flow wp-block-column-is-layout-flow\">\n<h2 class=\"wp-block-heading has-text-align-center\"><strong>Les Finales Jeunes dans le PACA<\/strong><\/h2>\n\n\n\n<div class=\"wp-block-buttons is-content-justification-center is-layout-flex wp-container-core-buttons-is-layout-16018d1d wp-block-buttons-is-layout-flex\">\n<div class=\"wp-block-button is-style-outline is-style-outline--2\"><a class=\"wp-block-button__link has-background wp-element-button\" href=\"https:\/\/ufolep-my.sharepoint.com\/:f:\/g\/personal\/sdesmots_ufolep_org\/IgDUVKJs5jcaQZW4DZjwzvMwAevSyv0HTVMMH8UkUcDNaKk?e=ppOIpY\" style=\"background:radial-gradient(rgb(6,147,227) 0%,rgb(155,81,224) 0%)\"><strong><mark style=\"background-color:rgba(0, 0, 0, 0)\" class=\"has-inline-color has-black-color\">Infos pour les finales Jeunes <\/mark><\/strong>(<strong>informations diffus\u00e9es en mars)<\/strong><\/a><\/div>\n<\/div>\n\n\n\n<hr class=\"wp-block-separator has-alpha-channel-opacity is-style-dots\"\/>\n<\/div>\n\n\n\n<div class=\"wp-block-column is-layout-flow wp-block-column-is-layout-flow\">\n<h2 class=\"wp-block-heading has-text-align-center\"><strong>Les Demi-Finales Nationales \u00e0 Bo\u00ebn (42) les 9 et 10 mai <\/strong><\/h2>\n\n\n\n<div class=\"wp-block-buttons is-layout-flex wp-block-buttons-is-layout-flex\">\n<div class=\"wp-block-button is-style-outline is-style-outline--3\"><a class=\"wp-block-button__link has-black-color has-text-color has-background has-link-color wp-element-button\" href=\"https:\/\/ufolep-my.sharepoint.com\/:f:\/g\/personal\/sdesmots_ufolep_org\/EtL1VdkC7sFPtjWIWO0HLHQBgHvr2RUWYcwJcltTr2Lo0A?e=fLogai\" style=\"background-color:#9b51e0b0\" target=\"_blank\" rel=\"noreferrer noopener\"><mark style=\"background-color:rgba(0, 0, 0, 0)\" class=\"has-inline-color has-black-color\"><strong>Infos pour les Demi-finales nationales \u00e0 <\/strong><\/mark><strong>Bo\u00ebn (informations diffus\u00e9es en mars)<mark style=\"background-color:rgba(0, 0, 0, 0)\" class=\"has-inline-color has-black-color\">  <\/mark><\/strong><\/a><\/div>\n<\/div>\n\n\n\n<hr class=\"wp-block-separator has-alpha-channel-opacity is-style-dots\"\/>\n<\/div>\n<\/div>\n\n\n\n<div class=\"wp-block-columns is-layout-flex wp-container-core-columns-is-layout-9d6595d7 wp-block-columns-is-layout-flex\">\n<div class=\"wp-block-column is-layout-flow wp-block-column-is-layout-flow\">\n<hr class=\"wp-block-separator has-text-color has-luminous-vivid-amber-color has-alpha-channel-opacity has-luminous-vivid-amber-background-color has-background\"\/>\n\n\n\n<h2 class=\"wp-block-heading has-text-align-center\">Ses r\u00e9gions<\/h2>\n\n\n\n<div class=\"wp-block-columns is-layout-flex wp-container-core-columns-is-layout-9d6595d7 wp-block-columns-is-layout-flex\">\n<div class=\"wp-block-column is-layout-flow wp-block-column-is-layout-flow\">\n<h3 class=\"wp-block-heading has-text-align-center\">Rh\u00f4ne-Alpes<\/h3>\n\n\n\n<p><strong>Contact CTR :<\/strong> ufolepctrgymra@gmail.com<\/p>\n\n\n\n<div class=\"wp-block-buttons is-content-justification-center is-layout-flex wp-container-core-buttons-is-layout-16018d1d wp-block-buttons-is-layout-flex\">\n<div class=\"wp-block-button\"><a class=\"wp-block-button__link has-luminous-vivid-orange-background-color has-background wp-element-button\" href=\"https:\/\/ufolep-my.sharepoint.com\/:f:\/g\/personal\/sdesmots_ufolep_org\/EniKxkGaMl5FvaU6_3rVffABBOgyqFoY-z2iEi-yEpJOAA?e=BfjK3r\" target=\"_blank\" rel=\"noreferrer noopener\">Informations Comp\u00e9titions r\u00e9gionales AURA<\/a><\/div>\n<\/div>\n\n\n\n<hr class=\"wp-block-separator has-alpha-channel-opacity\"\/>\n\n\n\n<h2 class=\"wp-block-heading\">07 \/ 26 &#8211; Ard\u00e8che \/ Dr\u00f4me<\/h2>\n\n\n\n<p><strong>Contact CTD :<\/strong> ctd.gym2607@gmail.com<\/p>\n\n\n\n<h2 class=\"wp-block-heading\">38 &#8211; Is\u00e8re<\/h2>\n\n\n\n<p><strong>Contact CTD : <\/strong>cd.38@ufolep.org<\/p>\n\n\n\n<h2 class=\"wp-block-heading\">42 &#8211; Loire<\/h2>\n\n\n\n<p><strong>Contact CTD :<\/strong> ufolepgymloire@gmail.com<\/p>\n\n\n\n<div class=\"wp-block-buttons is-content-justification-center is-layout-flex wp-container-core-buttons-is-layout-16018d1d wp-block-buttons-is-layout-flex\">\n<div class=\"wp-block-button\"><a class=\"wp-block-button__link has-vivid-green-cyan-background-color has-background wp-element-button\" href=\"https:\/\/ufolep-my.sharepoint.com\/:f:\/g\/personal\/sdesmots_ufolep_org\/IgD5cDvYepa9RZO8sENjNo03AehyTdAmZFtXq4onVL8e6iM?e=0GHMoL\" target=\"_blank\" rel=\"noreferrer noopener\">Comp\u00e9titions d\u00e9partementales<\/a><\/div>\n\n\n\n<div class=\"wp-block-button\"><a class=\"wp-block-button__link has-vivid-cyan-blue-background-color has-background wp-element-button\" href=\"https:\/\/ufolep-my.sharepoint.com\/:f:\/g\/personal\/sdesmots_ufolep_org\/IgCgkfRHJSCDToKP0c7IuQcNARQCWk6TM-Rfz-yo85679yg?e=AIfadw\">Brochure d\u00e9partementale<\/a><\/div>\n\n\n\n<div class=\"wp-block-button\"><a class=\"wp-block-button__link has-pale-cyan-blue-background-color has-background wp-element-button\" href=\"https:\/\/ufolep-my.sharepoint.com\/:f:\/g\/personal\/sdesmots_ufolep_org\/IgBqTLJNh0qFSZF2dsmXJ4hCAaG4qVSmA0R7WU_XmGdO5g4?e=1biSUZ\">Cahier des charges d\u00e9partemental<\/a><\/div>\n<\/div>\n\n\n\n<h2 class=\"wp-block-heading\">69 &#8211; Rh\u00f4ne<\/h2>\n\n\n\n<p><strong>Contact CTD :<\/strong> ctdgymufolep69@gmail.com<\/p>\n\n\n\n<div class=\"wp-block-buttons is-layout-flex wp-block-buttons-is-layout-flex\">\n<div class=\"wp-block-button\"><a class=\"wp-block-button__link wp-element-button\" href=\"https:\/\/ufolep-my.sharepoint.com\/:f:\/g\/personal\/sdesmots_ufolep_org\/EhdcaVCCc5lBqv6MPp5GCNUB6rfFJPGLvGclVvVtwgJ38Q?e=Y4BoHc\" target=\"_blank\" rel=\"noreferrer noopener\">Comp\u00e9titions<\/a><\/div>\n<\/div>\n\n\n\n<h2 class=\"wp-block-heading\">73\/74 &#8211; Savoie \/ Haute-Savoie<\/h2>\n\n\n\n<p><strong>Contact : <\/strong>cd.73@ufolep.org<\/p>\n\n\n\n<h2 class=\"wp-block-heading\">04\/05\/06\/13\/83\/84 &#8211; R\u00e9gion Sud <\/h2>\n\n\n\n<p><strong>Contact :<\/strong> ctgymufolep13paca@gmail.com<\/p>\n\n\n\n<div class=\"wp-block-buttons is-layout-flex wp-block-buttons-is-layout-flex\">\n<div class=\"wp-block-button\"><a class=\"wp-block-button__link has-vivid-cyan-blue-background-color has-background wp-element-button\" href=\"https:\/\/ufolep-my.sharepoint.com\/:b:\/g\/personal\/sdesmots_ufolep_org\/EUpcaFIQICBIsmfl0J2EtOwB8CBw1vygVzc7iMLQQ6M0gQ?e=FfPaYu\">Dossier Championnats D\u00e9partementaux <\/a><\/div>\n\n\n\n<div class=\"wp-block-button\"><a class=\"wp-block-button__link has-vivid-cyan-blue-background-color has-background wp-element-button\" href=\"https:\/\/ufolep-my.sharepoint.com\/:b:\/g\/personal\/sdesmots_ufolep_org\/Ear8HCBU80pMvSx6AGaBMwkBl8aia9NOT_awThEW0i8z3Q?e=06GxRI\">Grilles Championnats D\u00e9partementaux <\/a><\/div>\n<\/div>\n<\/div>\n\n\n\n<div class=\"wp-block-column is-vertically-aligned-stretch is-layout-flow wp-block-column-is-layout-flow\">\n<h3 class=\"wp-block-heading has-text-align-center\">R\u00e9gion Sud -Paca<\/h3>\n\n\n\n<p><strong>Contact CTR :<\/strong> ctgymufolep13paca@gmail.com<\/p>\n\n\n\n<div class=\"wp-block-buttons is-layout-flex wp-block-buttons-is-layout-flex\">\n<div class=\"wp-block-button\"><a class=\"wp-block-button__link has-black-color has-light-green-cyan-background-color has-text-color has-background has-link-color wp-element-button\" href=\"https:\/\/ufolep-my.sharepoint.com\/:f:\/g\/personal\/sdesmots_ufolep_org\/IgD8XwkYYxDWS7N3F_FKqOzjAVlgtjWk0-g3pwpzEzjj7pY?e=HWehCI\">Informations Comp\u00e9titions r\u00e9gionales R\u00e9gion Sud<\/a><\/div>\n<\/div>\n\n\n\n<hr class=\"wp-block-separator has-alpha-channel-opacity\"\/>\n\n\n\n<div class=\"wp-block-buttons is-vertical is-content-justification-center is-layout-flex wp-container-core-buttons-is-layout-9a7cdcfd wp-block-buttons-is-layout-flex\">\n<div class=\"wp-block-button is-style-fill\"><a class=\"wp-block-button__link has-vivid-cyan-blue-background-color has-background wp-element-button\" href=\"https:\/\/ufolep-my.sharepoint.com\/:b:\/g\/personal\/sdesmots_ufolep_org\/EbfdxIrRTOtIlJegYYCrygABK8ZGOxjOgQBaHivpTkYbiQ?e=VpkTGA\">Brochure Technique CTD13\/ CTR R\u00e9gion Sud Paca<\/a><\/div>\n\n\n\n<div class=\"wp-block-button\"><a class=\"wp-block-button__link has-pale-cyan-blue-background-color has-background wp-element-button\" href=\"https:\/\/ufolep-my.sharepoint.com\/:b:\/g\/personal\/sdesmots_ufolep_org\/Ec0WRXY757RPrHHhQm-ZyqoB7VLZzZiQzQGu4Jb-r2s0TQ?e=o0bCZe\">Programme R\u00e9gional &#8211;                          Challenge Ufo Gym<\/a><\/div>\n<\/div>\n\n\n\n<hr class=\"wp-block-separator has-alpha-channel-opacity\"\/>\n<\/div>\n<\/div>\n<\/div>\n<\/div>\n\n\n\n<hr class=\"wp-block-separator has-text-color has-luminous-vivid-amber-color has-alpha-channel-opacity has-luminous-vivid-amber-background-color has-background\"\/>\n","protected":false},"excerpt":{"rendered":"<p>Responsables du Groupe 2 :Yvan CHAUDAGNE (ychaudagne@ufolep.org)Anne-Sophie DOZON (asdozon@ufolep.org)Membre CNS :Aur\u00e9lie PAILLER (apailler@ufolep.org)Personne Ressource CNS :Ma\u00e9va BOUSSAIS (mboussais@ufolep.org)Responsable des juges GAF :Ghyslaine AMAR (ghys.amar@gmail.com)Responsable des juges GAM :Nicolas BARBAROUX (barbarouxn@gmail.com) Compte-rendu de r\u00e9unions Cette saison, le groupe 2 accueillera : Les Finales Jeunes dans le PACA Les Demi-Finales Nationales \u00e0 Bo\u00ebn (42) les 9 et &hellip; <a href=\"https:\/\/ufolepgym.com\/index.php\/docs_g2\/\" class=\"more-link\">Continue reading <span class=\"screen-reader-text\">Groupe 2<\/span><\/a><\/p>\n","protected":false},"author":1,"featured_media":0,"parent":0,"menu_order":0,"comment_status":"closed","ping_status":"closed","template":"","meta":{"footnotes":""},"class_list":["post-88","page","type-page","status-publish","hentry"],"_links":{"self":[{"href":"https:\/\/ufolepgym.com\/index.php\/wp-json\/wp\/v2\/pages\/88","targetHints":{"allow":["GET"]}}],"collection":[{"href":"https:\/\/ufolepgym.com\/index.php\/wp-json\/wp\/v2\/pages"}],"about":[{"href":"https:\/\/ufolepgym.com\/index.php\/wp-json\/wp\/v2\/types\/page"}],"author":[{"embeddable":true,"href":"https:\/\/ufolepgym.com\/index.php\/wp-json\/wp\/v2\/users\/1"}],"replies":[{"embeddable":true,"href":"https:\/\/ufolepgym.com\/index.php\/wp-json\/wp\/v2\/comments?post=88"}],"version-history":[{"count":73,"href":"https:\/\/ufolepgym.com\/index.php\/wp-json\/wp\/v2\/pages\/88\/revisions"}],"predecessor-version":[{"id":1547,"href":"https:\/\/ufolepgym.com\/index.php\/wp-json\/wp\/v2\/pages\/88\/revisions\/1547"}],"wp:attachment":[{"href":"https:\/\/ufolepgym.com\/index.php\/wp-json\/wp\/v2\/media?parent=88"}],"curies":[{"name":"wp","href":"https:\/\/api.w.org\/{rel}","templated":true}]}}