{"id":89,"date":"2024-09-18T01:46:09","date_gmt":"2024-09-17T23:46:09","guid":{"rendered":"https:\/\/ufolepgym.com\/?page_id=89"},"modified":"2026-04-12T21:25:39","modified_gmt":"2026-04-12T19:25:39","slug":"docs_g3","status":"publish","type":"page","link":"https:\/\/ufolepgym.com\/index.php\/docs_g3\/","title":{"rendered":"Groupe 3"},"content":{"rendered":"\n<p class=\"has-text-align-center\">Le Groupe 3 est compos\u00e9 des r\u00e9gions : Aquitaine, Occitanie Ouest (Midi-Pyr\u00e9n\u00e9es) et Occitanie Est (Languedoc-Roussillon)<\/p>\n\n\n<div class=\"wp-block-image\">\n<figure class=\"alignright is-resized\"><img decoding=\"async\" src=\"https:\/\/ufolepgym.com\/wp-content\/uploads\/2025\/01\/carte-Groupe3-1-2-1024x701.png\" alt=\"\" style=\"width:333px;height:auto\"\/><\/figure>\n<\/div>\n\n\n<p><strong>Membres CNS &#8211; Responsables du Groupe 3 :<\/strong><\/p>\n\n\n\n<ul class=\"wp-block-list\">\n<li>Jean-Philippe CRIADO (jpcriado@ufolep.org)<\/li>\n\n\n\n<li>Ludivine FRAYSSINET (lfrayssinet@ufolep.org)<\/li>\n<\/ul>\n\n\n\n<p><strong>Personne Ressource CNS :<\/strong>&nbsp;Ga\u00ebl CARON (gcaron@ufolep.org)<\/p>\n\n\n\n<p><\/p>\n\n\n\n<p><strong>Responsable des juges GAF :<\/strong>&nbsp;Delphine PENNETIER (delphine.pennetier@orange.fr)<\/p>\n\n\n\n<p><strong>Responsable des juges GAM :&nbsp;<\/strong>Ludovic TORRES (mopi66@hotmail.fr)<br><br><br><br><\/p>\n\n\n\n<p class=\"has-text-align-center has-medium-font-size\"><strong>CALENDRIER DES COMPETITIONS DU GROUPE 3 <\/strong>&#8211; <em>Saison 2025\/2026<\/em><\/p>\n\n\n\n<p class=\"has-text-align-center\" id=\"block-e26ff9a8-1140-4a73-b5a5-201c17ccf1a9\" style=\"font-size:20px\"><\/p>\n\n\n\n<p class=\"has-text-align-center\" style=\"font-size:20px\"><br><strong>Demi-finales nationales GAF<\/strong> <strong>G3 &amp; GAM G3-G4<\/strong><br>les <strong>8, 9 et 10 mai 2026<\/strong> \u00e0 <em>Eysines (33)<\/em><\/p>\n\n\n\n<p><\/p>\n\n\n\n<div class=\"wp-block-buttons is-layout-flex wp-block-buttons-is-layout-flex\">\n<div class=\"wp-block-button\"><a class=\"wp-block-button__link wp-element-button\" href=\"https:\/\/ufolep-my.sharepoint.com\/:b:\/g\/personal\/sdesmots_ufolep_org\/IQCDRDqONSr6TYKAXu10dP_OAfTFmAnKe-nkrvJxt71gCSk?e=IiCY1f\">Organigramme<\/a><\/div>\n\n\n\n<div class=\"wp-block-button\"><a class=\"wp-block-button__link wp-element-button\" href=\"https:\/\/ufolep-my.sharepoint.com\/:w:\/g\/personal\/sdesmots_ufolep_org\/IQB32fFpz7ncQ6a-MnVz0k9jAQka9G8KHPjbJfYnxSXfmpg?e=mabZ11\">Circulaire comp\u00e9tition<\/a><\/div>\n<\/div>\n\n\n\n<p><\/p>\n\n\n\n<p class=\"has-text-align-center\" style=\"font-size:20px\"><strong>Finales jeunes GAF <\/strong><br>les <strong>30 et 31 mai 2026<\/strong> \u00e0 <em>Perpignan (66)<\/em><\/p>\n\n\n\n<div class=\"wp-block-columns is-layout-flex wp-container-core-columns-is-layout-9d6595d7 wp-block-columns-is-layout-flex\">\n<div class=\"wp-block-column is-layout-flow wp-block-column-is-layout-flow\" style=\"flex-basis:100%\">\n<div class=\"wp-block-columns is-layout-flex wp-container-core-columns-is-layout-9d6595d7 wp-block-columns-is-layout-flex\">\n<div class=\"wp-block-column is-layout-flow wp-block-column-is-layout-flow\"><\/div>\n\n\n\n<div class=\"wp-block-column is-layout-flow wp-block-column-is-layout-flow\"><\/div>\n<\/div>\n\n\n\n<div class=\"wp-block-buttons is-layout-flex wp-block-buttons-is-layout-flex\">\n<div class=\"wp-block-button\"><a class=\"wp-block-button__link wp-element-button\" href=\"https:\/\/ufolep-my.sharepoint.com\/:b:\/g\/personal\/sdesmots_ufolep_org\/IQDWun2QnPgKSLxxmeIkS3hxAQ3z1SSh-oSu7pTh4E65jL8?e=aePEwQ\">Organigramme<\/a><\/div>\n\n\n\n<div class=\"wp-block-button\"><a class=\"wp-block-button__link wp-element-button\" href=\"https:\/\/ufolep-my.sharepoint.com\/:b:\/g\/personal\/sdesmots_ufolep_org\/IQDsHR6j8C8TTZXzJoK16WeOASqQa51p3F9RBow2b4zs3qw?e=1i0rIo\">Circulaire comp\u00e9tition<\/a><\/div>\n<\/div>\n<\/div>\n<\/div>\n\n\n\n<div class=\"wp-block-columns is-layout-flex wp-container-core-columns-is-layout-9d6595d7 wp-block-columns-is-layout-flex\">\n<div class=\"wp-block-column is-layout-flow wp-block-column-is-layout-flow\">\n<p><\/p>\n\n\n\n<p class=\"has-text-align-center has-medium-font-size\"><strong>INFORMATIONS<\/strong><\/p>\n<\/div>\n\n\n\n<div class=\"wp-block-column is-layout-flow wp-block-column-is-layout-flow\">\n<p><\/p>\n\n\n\n<p class=\"has-text-align-center has-medium-font-size\"><strong>COMPTES RENDUS<\/strong><\/p>\n<\/div>\n<\/div>\n\n\n\n<div class=\"wp-block-columns is-layout-flex wp-container-core-columns-is-layout-9d6595d7 wp-block-columns-is-layout-flex\">\n<div class=\"wp-block-column is-layout-flow wp-block-column-is-layout-flow\"><\/div>\n\n\n\n<div class=\"wp-block-column is-layout-flow wp-block-column-is-layout-flow\">\n<div class=\"wp-block-buttons is-content-justification-center is-layout-flex wp-container-core-buttons-is-layout-16018d1d wp-block-buttons-is-layout-flex\">\n<div class=\"wp-block-button\"><a class=\"wp-block-button__link has-black-color has-cyan-bluish-gray-background-color has-text-color has-background has-link-color has-text-align-center wp-element-button\">CR R\u00e9union G3 du 22\/09\/2024<\/a><\/div>\n\n\n\n<div class=\"wp-block-button\"><a class=\"wp-block-button__link has-black-color has-cyan-bluish-gray-background-color has-text-color has-background has-link-color wp-element-button\" href=\"https:\/\/ufolep-my.sharepoint.com\/:w:\/g\/personal\/sdesmots_ufolep_org\/ES2egjaMwQNIlAhwXMeVe_oBSYFTqVKopP9g7qYg1nogPw?e=ZnMzz2\">CR R\u00e9union G3 du 30\/06\/2024<\/a><\/div>\n\n\n\n<div class=\"wp-block-button\"><a class=\"wp-block-button__link has-black-color has-cyan-bluish-gray-background-color has-text-color has-background has-link-color wp-element-button\" href=\"https:\/\/ufolep-my.sharepoint.com\/:w:\/g\/personal\/sdesmots_ufolep_org\/Ea6nYyK3R1VPoSD0kMKPBtYBVTU0uIVz1zPyqFqmeYwuMQ?e=b9i4Pk\">CR R\u00e9union G3 du 14\/09\/2025<\/a><\/div>\n<\/div>\n<\/div>\n<\/div>\n\n\n\n<div class=\"wp-block-group\"><div class=\"wp-block-group__inner-container is-layout-constrained wp-block-group-is-layout-constrained\">\n<div class=\"wp-block-columns is-layout-flex wp-container-core-columns-is-layout-9d6595d7 wp-block-columns-is-layout-flex\">\n<div class=\"wp-block-column is-layout-flow wp-block-column-is-layout-flow\">\n<hr class=\"wp-block-separator has-text-color has-luminous-vivid-amber-color has-alpha-channel-opacity has-luminous-vivid-amber-background-color has-background\"\/>\n\n\n\n<h1 class=\"wp-block-heading has-text-align-center\" style=\"font-size:25px\"><strong>Ses r\u00e9gions<br><\/strong><br><\/h1>\n\n\n\n<div class=\"wp-block-columns is-layout-flex wp-container-core-columns-is-layout-9d6595d7 wp-block-columns-is-layout-flex\">\n<div class=\"wp-block-column is-layout-flow wp-block-column-is-layout-flow\">\n<h1 class=\"wp-block-heading has-text-align-center has-medium-font-size\">Aquitaine<br><\/h1>\n\n\n\n<h4 class=\"wp-block-heading has-text-align-center\" style=\"font-size:17px\">Informations \/ documents<br><\/h4>\n\n\n\n<div class=\"wp-block-buttons is-content-justification-center is-layout-flex wp-container-core-buttons-is-layout-16018d1d wp-block-buttons-is-layout-flex\">\n<div class=\"wp-block-button\"><a class=\"wp-block-button__link has-text-align-center wp-element-button\">CR<\/a><\/div>\n<\/div>\n\n\n\n<p class=\"has-text-align-center\"><br>Dordogne (24)<br><br>Gironde (33)<\/p>\n\n\n\n<div class=\"wp-block-buttons is-content-justification-center is-layout-flex wp-container-core-buttons-is-layout-16018d1d wp-block-buttons-is-layout-flex\">\n<div class=\"wp-block-button\"><a class=\"wp-block-button__link has-pale-pink-background-color has-background wp-element-button\" href=\"https:\/\/ufolep-my.sharepoint.com\/:b:\/g\/personal\/sdesmots_ufolep_org\/EcSkXl2DSJxLup9ATysaXmoBuY1wJ0BC8uhKbBz79I-RBA?e=qZKVf3\" target=\"_blank\" rel=\"noreferrer noopener\">Programme Gym&rsquo;ini<\/a><\/div>\n<\/div>\n\n\n\n<p class=\"has-text-align-center\"><br>Landes (40)<br><br>Lot-et-Garonne (47)<br><br>Pyr\u00e9n\u00e9es-Atlantiques (64)<\/p>\n<\/div>\n\n\n\n<div class=\"wp-block-column is-layout-flow wp-block-column-is-layout-flow\">\n<h1 class=\"wp-block-heading has-text-align-center has-medium-font-size\">Languedoc-Roussillon<br><\/h1>\n\n\n\n<h4 class=\"wp-block-heading has-text-align-center\" style=\"font-size:17px\">Informations \/ documents<br><\/h4>\n\n\n\n<div class=\"wp-block-buttons is-vertical is-content-justification-center is-layout-flex wp-container-core-buttons-is-layout-9a7cdcfd wp-block-buttons-is-layout-flex\">\n<div class=\"wp-block-button\"><a class=\"wp-block-button__link has-vivid-cyan-blue-background-color has-background has-custom-font-size wp-element-button\" href=\"https:\/\/ufolep-my.sharepoint.com\/:b:\/g\/personal\/sdesmots_ufolep_org\/EcrqdNg6kK5GuUZe4R3TJKYBmzbRI0OsWKemWnJDbKg8yA?e=UXbnaz\" style=\"font-size:19px\">CR CTR Septembre 2024<\/a><\/div>\n<\/div>\n\n\n\n<p class=\"has-text-align-center\"><br>Aude (11)<br><br>Gard (30)<br><br>H\u00e9rault (34)<br><br>Loz\u00e8re (48)<br><br>Pyr\u00e9n\u00e9es-Orientales (66)<\/p>\n<\/div>\n\n\n\n<div class=\"wp-block-column is-layout-flow wp-block-column-is-layout-flow\">\n<h1 class=\"wp-block-heading has-text-align-center has-medium-font-size\">Midi-Pyr\u00e9n\u00e9es<br><\/h1>\n\n\n\n<h4 class=\"wp-block-heading has-text-align-center\" style=\"font-size:17px\">Informations \/ documents<br><\/h4>\n\n\n\n<div class=\"wp-block-buttons is-vertical is-content-justification-center is-layout-flex wp-container-core-buttons-is-layout-9a7cdcfd wp-block-buttons-is-layout-flex\">\n<div class=\"wp-block-button\"><a class=\"wp-block-button__link has-black-color has-vivid-green-cyan-background-color has-text-color has-background has-link-color wp-element-button\" href=\"https:\/\/ufolep-my.sharepoint.com\/:b:\/g\/personal\/sdesmots_ufolep_org\/EUXIh-Xej0pCnfQuhppn4SwBYReiB0fMJbInjg41S0VBqg?e=qAqvrd\">CR CTR Octobre 2024<\/a><\/div>\n<\/div>\n\n\n\n<p class=\"has-text-align-center\"><br>Ari\u00e8ge (09)<br><br>Aveyron (12)<br><br>Haute-Garonne (31)<br><br>Gers (32)<br><br>Lot (46)<br><br>Hautes-Pyr\u00e9n\u00e9es (65)<br><br>Tarn (81)<br><br>Tarn-et-Garonne (82)<\/p>\n<\/div>\n<\/div>\n<\/div>\n<\/div>\n<\/div><\/div>\n\n\n\n<hr class=\"wp-block-separator has-alpha-channel-opacity\" id=\"block-559dd577-fed4-4449-980e-e34cc47a7752\"\/>\n\n\n\n<figure class=\"wp-block-embed is-type-video is-provider-youtube wp-block-embed-youtube wp-embed-aspect-4-3 wp-has-aspect-ratio\"><div class=\"wp-block-embed__wrapper\">\n<iframe loading=\"lazy\" title=\"Logiciel Comp\u00e9tition : cr\u00e9er son code PIN\" width=\"863\" height=\"647\" src=\"https:\/\/www.youtube.com\/embed\/V_6WFet2sR0?feature=oembed\" frameborder=\"0\" allow=\"accelerometer; autoplay; clipboard-write; encrypted-media; gyroscope; picture-in-picture; web-share\" referrerpolicy=\"strict-origin-when-cross-origin\" allowfullscreen><\/iframe>\n<\/div><\/figure>\n","protected":false},"excerpt":{"rendered":"<p>Le Groupe 3 est compos\u00e9 des r\u00e9gions : Aquitaine, Occitanie Ouest (Midi-Pyr\u00e9n\u00e9es) et Occitanie Est (Languedoc-Roussillon) Membres CNS &#8211; Responsables du Groupe 3 : Personne Ressource CNS :&nbsp;Ga\u00ebl CARON (gcaron@ufolep.org) Responsable des juges GAF :&nbsp;Delphine PENNETIER (delphine.pennetier@orange.fr) Responsable des juges GAM :&nbsp;Ludovic TORRES (mopi66@hotmail.fr) CALENDRIER DES COMPETITIONS DU GROUPE 3 &#8211; Saison 2025\/2026 Demi-finales nationales &hellip; <a href=\"https:\/\/ufolepgym.com\/index.php\/docs_g3\/\" class=\"more-link\">Continue reading <span class=\"screen-reader-text\">Groupe 3<\/span><\/a><\/p>\n","protected":false},"author":1,"featured_media":484,"parent":0,"menu_order":0,"comment_status":"closed","ping_status":"closed","template":"","meta":{"footnotes":""},"class_list":["post-89","page","type-page","status-publish","has-post-thumbnail","hentry"],"_links":{"self":[{"href":"https:\/\/ufolepgym.com\/index.php\/wp-json\/wp\/v2\/pages\/89","targetHints":{"allow":["GET"]}}],"collection":[{"href":"https:\/\/ufolepgym.com\/index.php\/wp-json\/wp\/v2\/pages"}],"about":[{"href":"https:\/\/ufolepgym.com\/index.php\/wp-json\/wp\/v2\/types\/page"}],"author":[{"embeddable":true,"href":"https:\/\/ufolepgym.com\/index.php\/wp-json\/wp\/v2\/users\/1"}],"replies":[{"embeddable":true,"href":"https:\/\/ufolepgym.com\/index.php\/wp-json\/wp\/v2\/comments?post=89"}],"version-history":[{"count":91,"href":"https:\/\/ufolepgym.com\/index.php\/wp-json\/wp\/v2\/pages\/89\/revisions"}],"predecessor-version":[{"id":1592,"href":"https:\/\/ufolepgym.com\/index.php\/wp-json\/wp\/v2\/pages\/89\/revisions\/1592"}],"wp:featuredmedia":[{"embeddable":true,"href":"https:\/\/ufolepgym.com\/index.php\/wp-json\/wp\/v2\/media\/484"}],"wp:attachment":[{"href":"https:\/\/ufolepgym.com\/index.php\/wp-json\/wp\/v2\/media?parent=89"}],"curies":[{"name":"wp","href":"https:\/\/api.w.org\/{rel}","templated":true}]}}