{"id":991,"date":"2025-09-26T01:34:22","date_gmt":"2025-09-25T23:34:22","guid":{"rendered":"https:\/\/ufolepgym.com\/?page_id=991"},"modified":"2025-11-09T14:59:54","modified_gmt":"2025-11-09T13:59:54","slug":"programmes-departementaux-et-regionaux","status":"publish","type":"page","link":"https:\/\/ufolepgym.com\/index.php\/programmes-departementaux-et-regionaux\/","title":{"rendered":"Programmes d\u00e9partementaux et r\u00e9gionaux"},"content":{"rendered":"\n<p class=\"has-small-font-size\">D\u00e9couvrez sur cette page l\u2019ensemble des programmes propos\u00e9s au sein des d\u00e9partements et r\u00e9gions du r\u00e9seau UFOLEP.<\/p>\n\n\n\n<div class=\"wp-block-columns is-layout-flex wp-container-core-columns-is-layout-9d6595d7 wp-block-columns-is-layout-flex\">\n<div class=\"wp-block-column has-small-font-size is-layout-flow wp-block-column-is-layout-flow\">\n<div class=\"wp-block-buttons is-content-justification-center is-layout-flex wp-container-core-buttons-is-layout-16018d1d wp-block-buttons-is-layout-flex\">\n<div class=\"wp-block-button is-style-fill\"><a class=\"wp-block-button__link has-background has-small-font-size has-custom-font-size wp-element-button\" style=\"background-color:#00a09e\">Bouches du Rh\u00f4ne<br>(Ufolep 13)<\/a><\/div>\n<\/div>\n\n\n\n<ul class=\"wp-block-list\">\n<li class=\"has-small-font-size\"><a href=\"https:\/\/ufolep-my.sharepoint.com\/:b:\/g\/personal\/sdesmots_ufolep_org\/ETNQq8HohHBPsdaqr3C9CwYBPYnnfjJ1AGsNPuPMN89zqQ?e=Aa2nY9\">Mini Enchainement<\/a><\/li>\n\n\n\n<li class=\"has-small-font-size\"><a href=\"https:\/\/ufolep-my.sharepoint.com\/:b:\/g\/personal\/sdesmots_ufolep_org\/EVhy4LmchT9MkhC8_CRlfa4BrtB-reZSiYnY2i8CWvRGtA?e=HEKQvm\">Challenge Ufo Gym<\/a><\/li>\n<\/ul>\n\n\n\n<hr class=\"wp-block-separator has-text-color has-pale-cyan-blue-color has-alpha-channel-opacity has-pale-cyan-blue-background-color has-background is-style-wide\"\/>\n\n\n\n<div class=\"wp-block-buttons is-content-justification-center is-layout-flex wp-container-core-buttons-is-layout-16018d1d wp-block-buttons-is-layout-flex\">\n<div class=\"wp-block-button\"><a class=\"wp-block-button__link has-background has-small-font-size has-custom-font-size wp-element-button\" style=\"background-color:#4691bd\">Loire<br>(Ufolep 42)<\/a><\/div>\n<\/div>\n\n\n\n<ul class=\"wp-block-list\">\n<li class=\"has-small-font-size\"><a href=\"https:\/\/ufolep-my.sharepoint.com\/:b:\/g\/personal\/sdesmots_ufolep_org\/EQveFZzLYfZNn9-EmgIOxa0BepTXuqDU5juMbqiuG72c3g?e=nukx6h\">Programme Mini Gym et Mini Enchainement<\/a><\/li>\n<\/ul>\n\n\n\n<hr class=\"wp-block-separator has-text-color has-pale-cyan-blue-color has-alpha-channel-opacity has-pale-cyan-blue-background-color has-background is-style-wide\"\/>\n\n\n\n<div class=\"wp-block-buttons is-content-justification-center is-layout-flex wp-container-core-buttons-is-layout-16018d1d wp-block-buttons-is-layout-flex\">\n<div class=\"wp-block-button\"><a class=\"wp-block-button__link has-background has-small-font-size has-custom-font-size wp-element-button\" style=\"background-color:#b63388\">Rh\u00f4ne<br>(Ufolep 69)<\/a><\/div>\n<\/div>\n\n\n\n<ul class=\"wp-block-list\">\n<li class=\"has-small-font-size\"><a href=\"https:\/\/ufolep-my.sharepoint.com\/:b:\/g\/personal\/sdesmots_ufolep_org\/EeZY5SxmHnNAkmZmeRbJeOYBRsQd2C4zWYr-1B-OIxKFvA?e=IaEtj6\">Brochure Gymni et Mini Enchainement<\/a><\/li>\n<\/ul>\n\n\n\n<hr class=\"wp-block-separator has-text-color has-pale-cyan-blue-color has-alpha-channel-opacity has-pale-cyan-blue-background-color has-background is-style-wide\"\/>\n\n\n\n<div class=\"wp-block-buttons is-content-justification-center is-layout-flex wp-container-core-buttons-is-layout-16018d1d wp-block-buttons-is-layout-flex\">\n<div class=\"wp-block-button\"><a class=\"wp-block-button__link has-black-color has-pale-pink-background-color has-text-color has-background has-link-color has-small-font-size has-custom-font-size wp-element-button\">Is\u00e8re<br>(Ufolep 38)<\/a><\/div>\n<\/div>\n\n\n\n<ul class=\"wp-block-list has-small-font-size\">\n<li><a href=\"https:\/\/ufolep-my.sharepoint.com\/:b:\/g\/personal\/sdesmots_ufolep_org\/Ea8XuH4XJLJEuvwLKjgEsXsB-HNashOwJ8dJMNYCDqQ2nw?e=I0wmUl\">Programme Parcours A<\/a><\/li>\n\n\n\n<li><a href=\"https:\/\/ufolep-my.sharepoint.com\/:b:\/g\/personal\/sdesmots_ufolep_org\/EX8Fo3HCE1ZJsDISnWx7MboBWlrzclzZ74iGSKJs2boJ-Q?e=7idcT1\">Programme Parcours B<\/a><\/li>\n\n\n\n<li><a href=\"https:\/\/ufolep-my.sharepoint.com\/:b:\/g\/personal\/sdesmots_ufolep_org\/EeSf5UPfFJxKlyP7AJ67cVMBW-tPISjW7c41cjhic5VpEA?e=gpTY4p\">Programme Parcours C<\/a><\/li>\n\n\n\n<li><a href=\"https:\/\/ufolep-my.sharepoint.com\/:b:\/g\/personal\/sdesmots_ufolep_org\/ERlNJOGscjxLu2geL08oI-8BRVm9yxej_Kpi4KmN40RgYA?e=GC7n5F\">Programme Mini Enchainement <\/a><\/li>\n<\/ul>\n<\/div>\n\n\n\n<div class=\"wp-block-column has-small-font-size is-layout-flow wp-block-column-is-layout-flow\">\n<div class=\"wp-block-buttons is-content-justification-center is-layout-flex wp-container-core-buttons-is-layout-16018d1d wp-block-buttons-is-layout-flex\">\n<div class=\"wp-block-button\"><a class=\"wp-block-button__link has-background has-small-font-size has-custom-font-size wp-element-button\" style=\"background-color:#e51b58\">Gironde<br>(Ufolep 33)<\/a><\/div>\n<\/div>\n\n\n\n<ul class=\"wp-block-list\">\n<li class=\"has-small-font-size\"><a href=\"https:\/\/ufolep-my.sharepoint.com\/:b:\/g\/personal\/sdesmots_ufolep_org\/EcSkXl2DSJxLup9ATysaXmoBuY1wJ0BC8uhKbBz79I-RBA?e=PAjc4f\">Programme Gym&rsquo;ini 5-7 ans<\/a><br><\/li>\n<\/ul>\n\n\n\n<hr class=\"wp-block-separator has-text-color has-pale-cyan-blue-color has-alpha-channel-opacity has-pale-cyan-blue-background-color has-background is-style-wide\"\/>\n\n\n\n<div class=\"wp-block-buttons is-content-justification-center is-layout-flex wp-container-core-buttons-is-layout-16018d1d wp-block-buttons-is-layout-flex\">\n<div class=\"wp-block-button is-style-fill\"><a class=\"wp-block-button__link has-background has-small-font-size has-custom-font-size wp-element-button\" style=\"background-color:#811a7b\">Loire et Atlantique<br>(Ufolep 44)<\/a><\/div>\n<\/div>\n\n\n\n<ul class=\"wp-block-list\">\n<li class=\"has-small-font-size\"><a href=\"https:\/\/ufolep-my.sharepoint.com\/:b:\/g\/personal\/sdesmots_ufolep_org\/EU15e5HU0ZVBqHu2hKN36hYBKoaoNbfB7a4-P0Qi69Coew?e=2Z3iNV\">Brochure d\u00e9partementale EDUC 1 2 et 3<\/a><br><\/li>\n<\/ul>\n\n\n\n<hr class=\"wp-block-separator has-text-color has-pale-cyan-blue-color has-alpha-channel-opacity has-pale-cyan-blue-background-color has-background is-style-wide\"\/>\n\n\n\n<div class=\"wp-block-buttons is-content-justification-center is-layout-flex wp-container-core-buttons-is-layout-16018d1d wp-block-buttons-is-layout-flex\">\n<div class=\"wp-block-button\"><a class=\"wp-block-button__link has-background has-small-font-size has-custom-font-size wp-element-button\" style=\"background-color:#b0cb52\">R\u00e9gion Centre<br>(Ufolep 18- 28- 36- 37- 41- 45)<\/a><\/div>\n<\/div>\n\n\n\n<ul class=\"wp-block-list\">\n<li><a href=\"https:\/\/drive.google.com\/drive\/folders\/1KUpxlt9-sVOL84tEvgL2xqMP_RW0CH7D\" target=\"_blank\" rel=\"noreferrer noopener\">Programme Parcours A\/B<\/a><\/li>\n\n\n\n<li class=\"has-small-font-size\"><a href=\"https:\/\/ufolep-my.sharepoint.com\/:b:\/g\/personal\/sdesmots_ufolep_org\/EXR0U7e9ZTxFqT8soEQFtHoBgQuD0jPYuog_UEiQUNwvsw?e=TsZuO2\" target=\"_blank\" rel=\"noreferrer noopener\">Programme Parcours C<\/a><\/li>\n<\/ul>\n\n\n\n<hr class=\"wp-block-separator has-text-color has-pale-cyan-blue-color has-alpha-channel-opacity has-pale-cyan-blue-background-color has-background is-style-wide\"\/>\n<\/div>\n\n\n\n<div class=\"wp-block-column has-small-font-size is-layout-flow wp-block-column-is-layout-flow\">\n<div class=\"wp-block-buttons is-content-justification-center is-layout-flex wp-container-core-buttons-is-layout-16018d1d wp-block-buttons-is-layout-flex\">\n<div class=\"wp-block-button\"><a class=\"wp-block-button__link has-background has-small-font-size has-custom-font-size wp-element-button\" style=\"background-color:#ee8019\">Ile et Vilaine<br>(Ufolep 35)<\/a><\/div>\n<\/div>\n\n\n\n<ul class=\"wp-block-list\">\n<li class=\"has-small-font-size\"><a href=\"https:\/\/ufolep-my.sharepoint.com\/:f:\/g\/personal\/sdesmots_ufolep_org\/EhDAnjZtQQ5KhSMAh7KA9hgBbnDgOvl8u4lysFiO384V2A?e=gbIc5K\">Brochure Loisir et Mini Enchainement<\/a><\/li>\n\n\n\n<li class=\"has-small-font-size\"><a href=\"https:\/\/ufolep-my.sharepoint.com\/:b:\/g\/personal\/sdesmots_ufolep_org\/EZ8dT8oMY5pNlyZsWIYrF2ABtDhJnrXqB9hO7PxZ1nshwg?e=ImAk2e\" data-type=\"link\" data-id=\"https:\/\/ufolep-my.sharepoint.com\/:b:\/g\/personal\/sdesmots_ufolep_org\/EZ8dT8oMY5pNlyZsWIYrF2ABtDhJnrXqB9hO7PxZ1nshwg?e=ImAk2e\">Brochure Mini-Enchainement<\/a><\/li>\n<\/ul>\n\n\n\n<hr class=\"wp-block-separator has-text-color has-pale-cyan-blue-color has-alpha-channel-opacity has-pale-cyan-blue-background-color has-background is-style-wide\"\/>\n\n\n\n<div class=\"wp-block-buttons is-content-justification-center is-layout-flex wp-container-core-buttons-is-layout-16018d1d wp-block-buttons-is-layout-flex\">\n<div class=\"wp-block-button\"><a class=\"wp-block-button__link has-background has-small-font-size has-custom-font-size wp-element-button\" style=\"background-color:#2272a3\">Auvergne &#8211; Limousin<br>(Ufolep 19 &#8211; 23 &#8211; 63 &#8211; 87)<\/a><\/div>\n<\/div>\n\n\n\n<ul class=\"wp-block-list\">\n<li class=\"has-small-font-size\"><a href=\"https:\/\/ufolep-my.sharepoint.com\/:b:\/g\/personal\/sdesmots_ufolep_org\/Eb5WQ1M_cphNvWf8N0CssGEBJo-QQd1MaHX7zJBU0bGjBA?e=TfXXzH\">Brochure Circuit<\/a><br><\/li>\n<\/ul>\n\n\n\n<hr class=\"wp-block-separator has-text-color has-pale-cyan-blue-color has-alpha-channel-opacity has-pale-cyan-blue-background-color has-background is-style-wide\"\/>\n\n\n\n<div class=\"wp-block-buttons is-content-justification-center is-layout-flex wp-container-core-buttons-is-layout-16018d1d wp-block-buttons-is-layout-flex\">\n<div class=\"wp-block-button is-style-fill\"><a class=\"wp-block-button__link has-light-green-cyan-background-color has-background has-small-font-size has-custom-font-size wp-element-button\">Ile de France<br><\/a><\/div>\n<\/div>\n\n\n\n<ul class=\"wp-block-list\">\n<li class=\"has-small-font-size\"><a href=\"https:\/\/drive.google.com\/file\/d\/1yQiMDUoUcJ3K42hOQSi47MsUxIK7rcCE\/view?usp=sharing\" target=\"_blank\" rel=\"noreferrer noopener\">programme TREMPLINS<\/a><\/li>\n\n\n\n<li><a href=\"https:\/\/docs.google.com\/document\/d\/13RHoK0t572KpgSKf0pMG8VAiMfkUYYy8M6YQvC0ZzZI\/edit?usp=sharing\" target=\"_blank\" rel=\"noreferrer noopener\">programme ENCHAINEMENTS<\/a><\/li>\n<\/ul>\n\n\n\n<hr class=\"wp-block-separator has-text-color has-pale-cyan-blue-color has-alpha-channel-opacity has-pale-cyan-blue-background-color has-background is-style-wide\"\/>\n<\/div>\n<\/div>\n\n\n\n<p><\/p>\n","protected":false},"excerpt":{"rendered":"<p>D\u00e9couvrez sur cette page l\u2019ensemble des programmes propos\u00e9s au sein des d\u00e9partements et r\u00e9gions du r\u00e9seau UFOLEP.<\/p>\n","protected":false},"author":3,"featured_media":0,"parent":0,"menu_order":0,"comment_status":"open","ping_status":"closed","template":"","meta":{"footnotes":""},"class_list":["post-991","page","type-page","status-publish","hentry"],"_links":{"self":[{"href":"https:\/\/ufolepgym.com\/index.php\/wp-json\/wp\/v2\/pages\/991","targetHints":{"allow":["GET"]}}],"collection":[{"href":"https:\/\/ufolepgym.com\/index.php\/wp-json\/wp\/v2\/pages"}],"about":[{"href":"https:\/\/ufolepgym.com\/index.php\/wp-json\/wp\/v2\/types\/page"}],"author":[{"embeddable":true,"href":"https:\/\/ufolepgym.com\/index.php\/wp-json\/wp\/v2\/users\/3"}],"replies":[{"embeddable":true,"href":"https:\/\/ufolepgym.com\/index.php\/wp-json\/wp\/v2\/comments?post=991"}],"version-history":[{"count":15,"href":"https:\/\/ufolepgym.com\/index.php\/wp-json\/wp\/v2\/pages\/991\/revisions"}],"predecessor-version":[{"id":1275,"href":"https:\/\/ufolepgym.com\/index.php\/wp-json\/wp\/v2\/pages\/991\/revisions\/1275"}],"wp:attachment":[{"href":"https:\/\/ufolepgym.com\/index.php\/wp-json\/wp\/v2\/media?parent=991"}],"curies":[{"name":"wp","href":"https:\/\/api.w.org\/{rel}","templated":true}]}}